{"id":262,"date":"2021-02-01T11:52:14","date_gmt":"2021-02-01T10:52:14","guid":{"rendered":"https:\/\/regarddereve.com\/?page_id=262"},"modified":"2023-10-13T09:49:26","modified_gmt":"2023-10-13T07:49:26","slug":"volume-russe-3","status":"publish","type":"page","link":"https:\/\/regarddereve.com\/index.php\/volume-russe-3\/","title":{"rendered":"Volume Russe"},"content":{"rendered":"<p>[et_pb_section fb_built=&#8221;1&#8243; _builder_version=&#8221;4.7.7&#8243; _module_preset=&#8221;default&#8221; background_color=&#8221;#eee8e2&#8243;][et_pb_row _builder_version=&#8221;4.7.7&#8243; _module_preset=&#8221;default&#8221;][et_pb_column type=&#8221;4_4&#8243; _builder_version=&#8221;4.7.7&#8243; _module_preset=&#8221;default&#8221;][et_pb_text _builder_version=&#8221;4.7.7&#8243; _module_preset=&#8221;default&#8221; header_2_font=&#8221;|800|||||||&#8221; header_2_text_align=&#8221;center&#8221;]<\/p>\n<h2><span><strong>Volume Russe<\/strong><\/span><\/h2>\n<p>[\/et_pb_text][\/et_pb_column][\/et_pb_row][et_pb_row column_structure=&#8221;2_5,3_5&#8243; _builder_version=&#8221;4.7.7&#8243; _module_preset=&#8221;default&#8221; custom_padding=&#8221;||0px|||&#8221;][et_pb_column type=&#8221;2_5&#8243; _builder_version=&#8221;4.7.7&#8243; _module_preset=&#8221;default&#8221;][et_pb_gallery gallery_ids=&#8221;514&#8243; _builder_version=&#8221;4.9.0&#8243; _module_preset=&#8221;default&#8221; custom_padding=&#8221;||10px|||&#8221; ab_subject=&#8221;on&#8221; ab_subject_id=&#8221;1&#8243; ab_goal=&#8221;on&#8221;][\/et_pb_gallery][et_pb_gallery gallery_ids=&#8221;514&#8243; _builder_version=&#8221;4.9.0&#8243; _module_preset=&#8221;default&#8221; ab_subject=&#8221;on&#8221; ab_subject_id=&#8221;2&#8243; ab_goal=&#8221;on&#8221;][\/et_pb_gallery][\/et_pb_column][et_pb_column type=&#8221;3_5&#8243; _builder_version=&#8221;4.7.7&#8243; _module_preset=&#8221;default&#8221;][et_pb_text _builder_version=&#8221;4.7.7&#8243; _module_preset=&#8221;default&#8221; header_2_font=&#8221;|800|||||||&#8221; header_2_text_align=&#8221;center&#8221;]<\/p>\n<h2><\/h2>\n<p><span><strong>OBJECTIF :<\/strong> Permettre au stagiaire d\u2019\u00e9voluer en milieu professionnel, d\u2019 \u00e9largir les services qu\u2019il propose au sein de son institut, de l\u2019initier ou de le perfectionner aux diff\u00e9rentes techniques d\u2019extensions de cils. Permettre au stagiaire d\u2019acqu\u00e9rir les connaissances th\u00e9oriques et pratiques lui permettant de r\u00e9aliser les prestations Volume Russe.<\/span><\/p>\n<p><strong><span>PUBLIC :\u00a0<\/span><\/strong><\/p>\n<ul>\n<li><span>Professionnel de la beaut\u00e9<\/span><\/li>\n<li><span>Cr\u00e9ateur d\u2019entreprise dans la beaut\u00e9 et\/ou de\u00a0<\/span>l\u2019esth\u00e9tique<\/li>\n<li>Particulier<\/li>\n<li>Esth\u00e9ticienne<\/li>\n<li>D\u00e9butant<\/li>\n<\/ul>\n<p><strong><span>PR\u00c9 REQUIS :\u00a0<\/span><\/strong><\/p>\n<ul>\n<li>le public doit obligatoirement \u00eatre d\u00e9j\u00e0 form\u00e9e en extension (cil \u00e0 cil )<\/li>\n<\/ul>\n<p><span><\/span><\/p>\n<p>[\/et_pb_text][\/et_pb_column][\/et_pb_row][\/et_pb_section][et_pb_section fb_built=&#8221;1&#8243; _builder_version=&#8221;4.7.7&#8243; _module_preset=&#8221;default&#8221; background_color=&#8221;#eee8e2&#8243; custom_margin=&#8221;-30px|||||&#8221; custom_padding=&#8221;||0px|||&#8221;][et_pb_row column_structure=&#8221;1_2,1_2&#8243; _builder_version=&#8221;4.7.7&#8243; _module_preset=&#8221;default&#8221;][et_pb_column type=&#8221;1_2&#8243; _builder_version=&#8221;4.7.7&#8243; _module_preset=&#8221;default&#8221;][et_pb_text _builder_version=&#8221;4.7.7&#8243; _module_preset=&#8221;default&#8221; header_2_font=&#8221;|800|||||||&#8221; header_2_text_align=&#8221;center&#8221;]<\/p>\n<h2><span style=\"font-size: 16px;\">Le d\u00e9roulement<\/span><\/h2>\n<p><span style=\"font-weight: 400;\">\u00cates-vous d\u00e9j\u00e0 exp\u00e9riment\u00e9 avec la technique One by One et souhaitez-vous cr\u00e9er encore plus de volume?\u00a0\u00a0<\/span><\/p>\n<p><span style=\"font-weight: 400;\">Alors la formation Russian Volume 2D-6D est la prochaine \u00e9tape parfaite pour vous!\u00a0<\/span><\/p>\n<p><span style=\"font-weight: 400;\">Cette technique sp\u00e9cialis\u00e9e consiste \u00e0 placer un \u00e9ventail d&#8217;extensions faites \u00e0 la main sur les cils naturels.\u00a0 <\/span><\/p>\n<p><span style=\"font-weight: 400;\">La formation est en partie th\u00e9orique et en partie pratique, vous apprenez donc tout sur le placement correct, les diff\u00e9rentes techniques pour fabriquer des \u00e9ventails et bien s\u00fbr vous pratiquez le traitement sur mod\u00e8le.<\/span><\/p>\n<p><span style=\"font-size: 16px;\">\u00a0<\/span><\/p>\n<p>[\/et_pb_text][\/et_pb_column][et_pb_column type=&#8221;1_2&#8243; _builder_version=&#8221;4.7.7&#8243; _module_preset=&#8221;default&#8221;][et_pb_text _builder_version=&#8221;4.7.7&#8243; _module_preset=&#8221;default&#8221; header_2_font=&#8221;|800|||||||&#8221; header_2_text_align=&#8221;center&#8221;]<\/p>\n<h2><span style=\"font-size: 16px;\">Le contenu<\/span><\/h2>\n<p><span>Le volume russe 2D-6D est uniquement destin\u00e9 aux stylistes de cils exp\u00e9riment\u00e9s, vous devez donc \u00eatre en mesure de pr\u00e9senter un certificat pour la technique cil \u00e0 cil avant de pouvoir participer.<\/span><\/p>\n<p><span>\u00a0<\/span><span>Formation d&#8217;une journ\u00e9e compl\u00e8te (7 heures)<\/span><\/p>\n<p><span>\u00a0Le prix comprend l&#8217;utilisation du produit Perfect Eyelash pendant l&#8217;entra\u00eenement<\/span><\/p>\n<p><span>\u00a0Vous devez fournir un mod\u00e8le vous-m\u00eame.\u00a0 Si vous souhaitez que nous vous fournissons un mod\u00e8le, c&#8217;est une possibilit\u00e9, \u00e0 condition que cela soit indiqu\u00e9 \u00e0 temps.<\/span><\/p>\n<p><span>\u00a0<\/span><\/p>\n<p>[\/et_pb_text][\/et_pb_column][\/et_pb_row][\/et_pb_section][et_pb_section fb_built=&#8221;1&#8243; _builder_version=&#8221;4.7.7&#8243; _module_preset=&#8221;default&#8221; background_color=&#8221;#eee8e2&#8243; custom_padding=&#8221;0px|||||&#8221;][et_pb_row column_structure=&#8221;1_2,1_2&#8243; _builder_version=&#8221;4.7.7&#8243; _module_preset=&#8221;default&#8221;][et_pb_column type=&#8221;1_2&#8243; _builder_version=&#8221;4.7.7&#8243; _module_preset=&#8221;default&#8221;][et_pb_text _builder_version=&#8221;4.7.7&#8243; _module_preset=&#8221;default&#8221;]<\/p>\n<p><strong><em>\u00a0Modalit\u00e9s de formation : inter et intra<\/em><\/strong><\/p>\n<p><strong>Tarif : <\/strong>990<strong>\u00a0<\/strong>\u20ac TTC sans CPF (1690 \u20ac TTC avec CPF)<\/p>\n<p><span><\/span><\/p>\n<p><span>Dur\u00e9e\u00a0: 16h sur 2<\/span><em><strong>\u00a0jours.<\/strong><\/em><\/p>\n<p><span>Lieu\u00a0:\u00a0<\/span><span style=\"font-size: 14px;\">Les gens de mer Salle de re\u0301union\/ho\u0302tel 1 quai du risban 59140 Dunkerque<\/span><\/p>\n<p><span>Livret de formation offert par\u00a0<\/span><span>l\u2019organisme de formation.<\/span><\/p>\n<p><span>*tarif en inter<\/span><\/p>\n<p><span>Vous avez tout le n\u00e9cessaire dans notre kit pour d\u00e9buter votre activit\u00e9 et continuer \u00e0 vous entrainer.<\/span><\/p>\n<p>Appelez-nous\u00a0pour plus de renseignent si besoin 0652125348 !<\/p>\n<p>[\/et_pb_text][\/et_pb_column][et_pb_column type=&#8221;1_2&#8243; _builder_version=&#8221;4.7.7&#8243; _module_preset=&#8221;default&#8221;][et_pb_text _builder_version=&#8221;4.7.7&#8243; _module_preset=&#8221;default&#8221;]<\/p>\n<p><strong class=\"\">Modalit\u00e9s de formation\u00a0<\/strong>: formation en individuel en pr\u00e9sentiel<\/p>\n<p><strong>Modalit\u00e9s d&#8217;\u00e9valuation<\/strong> : \u00e9valuation \u00e0 chaque s\u00e9ance de travail, r\u00e9daction d&#8217;\u00e9crits QCM et mises en situation.<\/p>\n<p><strong>Dates<\/strong><span> : entr\u00e9es permanentes, les dates sont planifi\u00e9es avec le client.\u00a0<\/span><\/p>\n<p><span>Inscription suite \u00e0 un entretien t\u00e9l\u00e9phonique pour valider le projet de formation.<\/span><\/p>\n<p><span><strong class=\"\">Accessibilit\u00e9\u00a0<\/strong>: formation<\/span><\/p>\n<p><span><strong class=\"\">Les points forts :\u00a0<\/strong>Apprentissage des techniques d&#8217;extension de cils &#8211; Kit complet inclus &#8211; Th\u00e9orie compl\u00e8te &#8211; Pratique sur modele r\u00e9el &#8211; Suivi illimit\u00e9 avec application mobile d\u00e9di\u00e9e<\/span><\/p>\n<p><span>Conformit\u00e9 r\u00e9glementaire de l&#8217;acc\u00e8s aux personnes en mobilit\u00e9 r\u00e9duite car nous proposons nos formations dans des salles de r\u00e9uinions d&#8217;h\u00f4tel conforme aux normes ERP<\/span><\/p>\n<p>[\/et_pb_text][\/et_pb_column][\/et_pb_row][\/et_pb_section][et_pb_section fb_built=&#8221;1&#8243; _builder_version=&#8221;4.7.7&#8243; _module_preset=&#8221;default&#8221; background_color=&#8221;#eee8e2&#8243; custom_margin=&#8221;-32px|||||&#8221;][et_pb_row _builder_version=&#8221;4.7.7&#8243; _module_preset=&#8221;default&#8221; custom_margin=&#8221;-34px|auto||auto||&#8221;][et_pb_column type=&#8221;4_4&#8243; _builder_version=&#8221;4.7.7&#8243; _module_preset=&#8221;default&#8221;][et_pb_button button_url=&#8221;https:\/\/regarddereve.com\/index.php\/contact\/&#8221; button_text=&#8221;Postuler \u00e0 la formation&#8221; button_alignment=&#8221;center&#8221; _builder_version=&#8221;4.7.7&#8243; _module_preset=&#8221;default&#8221; custom_button=&#8221;on&#8221; button_text_color=&#8221;#000000&#8243; button_bg_color=&#8221;#E3B6B0&#8243; button_border_width=&#8221;0px&#8221;][\/et_pb_button][\/et_pb_column][\/et_pb_row][\/et_pb_section][et_pb_section fb_built=&#8221;1&#8243; _builder_version=&#8221;4.7.7&#8243; _module_preset=&#8221;default&#8221; background_color=&#8221;#000000&#8243; min_height=&#8221;377px&#8221; custom_margin=&#8221;||-2px|||&#8221; custom_padding=&#8221;||0px|||&#8221; global_module=&#8221;383&#8243;][et_pb_row column_structure=&#8221;1_3,1_3,1_3&#8243; _builder_version=&#8221;4.7.7&#8243; _module_preset=&#8221;default&#8221;][et_pb_column type=&#8221;1_3&#8243; _builder_version=&#8221;4.7.7&#8243; _module_preset=&#8221;default&#8221;][et_pb_text _builder_version=&#8221;4.9.0&#8243; _module_preset=&#8221;default&#8221; text_text_color=&#8221;#ffffff&#8221; link_text_color=&#8221;#ffffff&#8221;]<\/p>\n<p><b>REGARD DE R\u00caVE<\/b><\/p>\n<ul>\n<li>7 place de l&#8217;Abb\u00e9 Pierre,<span class=\"Apple-converted-space\">\u00a0<\/span>59760 Grande Synthe<\/li>\n<li>Email:\u00a0<a href=\"mailto:Neslinas@outlook.fr\">Neslinas@outlook.fr<\/a><\/li>\n<li>Tel:\u00a0<a href=\"0652125348\">0652125348<\/a><\/li>\n<li>NDA 32591049859<\/li>\n<\/ul>\n<p>[\/et_pb_text][\/et_pb_column][et_pb_column type=&#8221;1_3&#8243; _builder_version=&#8221;4.7.7&#8243; _module_preset=&#8221;default&#8221;][et_pb_image src=&#8221;https:\/\/regarddereve.com\/wp-content\/uploads\/2021\/01\/logonesli-1.jpeg&#8221; alt=&#8221;INSTITUT DE BEAUT\u00c9 ET FORMATION \u00c0 GRANDE SYNTHE&#8221; title_text=&#8221;REGARD DE R\u00caVE &#8221; _builder_version=&#8221;4.7.7&#8243; _module_preset=&#8221;default&#8221;][\/et_pb_image][\/et_pb_column][et_pb_column type=&#8221;1_3&#8243; _builder_version=&#8221;4.7.7&#8243; _module_preset=&#8221;default&#8221;][et_pb_text _builder_version=&#8221;4.7.7&#8243; _module_preset=&#8221;default&#8221; text_text_color=&#8221;#ffffff&#8221; link_text_color=&#8221;#ffffff&#8221;]<\/p>\n<p><span style=\"text-decoration: underline;\"><a href=\"https:\/\/regarddereve.com\/index.php\/nos-prestations\/\">Nos Prestations<\/a><\/span><\/p>\n<p><span style=\"text-decoration: underline;\"><a href=\"https:\/\/regarddereve.com\/index.php\/nos-formations\/\">Nos formations<\/a><\/span><\/p>\n<p><span style=\"text-decoration: underline;\"><a href=\"https:\/\/regarddereve.com\/index.php\/cgv\/\">Conditions G\u00e9n\u00e9rales de Vente OF<\/a><\/span><\/p>\n<p><span style=\"text-decoration: underline;\"><a href=\"https:\/\/regarddereve.com\/index.php\/mentions-legales\/\">Mentions l\u00e9gales<\/a><\/span><\/p>\n<p>[\/et_pb_text][\/et_pb_column][\/et_pb_row][\/et_pb_section]<\/p>\n","protected":false},"excerpt":{"rendered":"<p>[et_pb_section fb_built=&#8221;1&#8243; _builder_version=&#8221;4.7.7&#8243; _module_preset=&#8221;default&#8221; background_color=&#8221;#eee8e2&#8243;][et_pb_row _builder_version=&#8221;4.7.7&#8243; _module_preset=&#8221;default&#8221;][et_pb_column type=&#8221;4_4&#8243; _builder_version=&#8221;4.7.7&#8243; _module_preset=&#8221;default&#8221;][et_pb_text _builder_version=&#8221;4.7.7&#8243; _module_preset=&#8221;default&#8221; header_2_font=&#8221;|800|||||||&#8221; header_2_text_align=&#8221;center&#8221;] Volume Russe [\/et_pb_text][\/et_pb_column][\/et_pb_row][et_pb_row column_structure=&#8221;2_5,3_5&#8243; _builder_version=&#8221;4.7.7&#8243; _module_preset=&#8221;default&#8221; custom_padding=&#8221;||0px|||&#8221;][et_pb_column type=&#8221;2_5&#8243; _builder_version=&#8221;4.7.7&#8243; _module_preset=&#8221;default&#8221;][et_pb_gallery gallery_ids=&#8221;514&#8243; _builder_version=&#8221;4.9.0&#8243; _module_preset=&#8221;default&#8221; custom_padding=&#8221;||10px|||&#8221; ab_subject=&#8221;on&#8221; ab_subject_id=&#8221;1&#8243; ab_goal=&#8221;on&#8221;][\/et_pb_gallery][et_pb_gallery gallery_ids=&#8221;514&#8243; _builder_version=&#8221;4.9.0&#8243; _module_preset=&#8221;default&#8221; ab_subject=&#8221;on&#8221; ab_subject_id=&#8221;2&#8243; ab_goal=&#8221;on&#8221;][\/et_pb_gallery][\/et_pb_column][et_pb_column type=&#8221;3_5&#8243; _builder_version=&#8221;4.7.7&#8243; _module_preset=&#8221;default&#8221;][et_pb_text _builder_version=&#8221;4.7.7&#8243; _module_preset=&#8221;default&#8221; header_2_font=&#8221;|800|||||||&#8221; header_2_text_align=&#8221;center&#8221;] OBJECTIF : Permettre au stagiaire d\u2019\u00e9voluer en milieu professionnel, d\u2019 \u00e9largir [&hellip;]<\/p>\n","protected":false},"author":1,"featured_media":0,"parent":0,"menu_order":0,"comment_status":"closed","ping_status":"closed","template":"","meta":{"_et_pb_use_builder":"on","_et_pb_old_content":"","_et_gb_content_width":""},"_links":{"self":[{"href":"https:\/\/regarddereve.com\/index.php\/wp-json\/wp\/v2\/pages\/262"}],"collection":[{"href":"https:\/\/regarddereve.com\/index.php\/wp-json\/wp\/v2\/pages"}],"about":[{"href":"https:\/\/regarddereve.com\/index.php\/wp-json\/wp\/v2\/types\/page"}],"author":[{"embeddable":true,"href":"https:\/\/regarddereve.com\/index.php\/wp-json\/wp\/v2\/users\/1"}],"replies":[{"embeddable":true,"href":"https:\/\/regarddereve.com\/index.php\/wp-json\/wp\/v2\/comments?post=262"}],"version-history":[{"count":10,"href":"https:\/\/regarddereve.com\/index.php\/wp-json\/wp\/v2\/pages\/262\/revisions"}],"predecessor-version":[{"id":600,"href":"https:\/\/regarddereve.com\/index.php\/wp-json\/wp\/v2\/pages\/262\/revisions\/600"}],"wp:attachment":[{"href":"https:\/\/regarddereve.com\/index.php\/wp-json\/wp\/v2\/media?parent=262"}],"curies":[{"name":"wp","href":"https:\/\/api.w.org\/{rel}","templated":true}]}}